{"id":40880,"date":"2015-06-02T16:02:01","date_gmt":"2015-06-02T22:02:01","guid":{"rendered":"https:\/\/www.hotelesboutique.com\/?page_id=40880"},"modified":"2015-06-02T17:10:27","modified_gmt":"2015-06-02T23:10:27","slug":"mbh-sponsors","status":"publish","type":"page","link":"https:\/\/www.hotelesboutique.com\/en\/mbh-sponsors\/","title":{"rendered":"MBH Sponsors"},"content":{"rendered":"<h4><strong>Nobles Causas hacen nobles hombres, nobles hombres hacen grandes sociedades\u2026<\/strong><\/h4>\n<p>Hoteles Boutique de M\u00e9xico tiene un compromiso con M\u00e9xico, su Turismo y sus Comunidades. Por esta raz\u00f3n estamos desarrollado programas de ayuda a los grupos menos favorecidos en Mexico en los que tu puedes participar. Queremos aportar nuestro granito de arena para aquellos que m\u00e1s lo necesitan y tu puedes ayudarnos. Es muy f\u00e1cil!.<\/p>\n<p>Con tu ayuda + la de los hoteles miembro de nuestra colecci\u00f3n + el grupo de colaboradores de Hoteles Boutique hemos creado un fondo com\u00fan, el cual tiene objetivos espec\u00edficos.<\/p>\n<p>\u00a1Conocelos!:<\/p>\n<figure><a href=\"https:\/\/www.hotelesboutique.com\/partner\/peace\"><img loading=\"lazy\" class=\"alignnone size-medium wp-image-14761\" title=\"padrino peace hbm\" src=\"https:\/\/www.hotelesboutique.com\/wp-content\/uploads\/2013\/07\/padrino-peace-hbm-300x113.jpg\" alt=\"padrino peace hbm\" width=\"300\" height=\"113\" srcset=\"https:\/\/www.hotelesboutique.com\/wp-content\/uploads\/2013\/07\/padrino-peace-hbm-300x113.jpg 300w, https:\/\/www.hotelesboutique.com\/wp-content\/uploads\/2013\/07\/padrino-peace-hbm-200x75.jpg 200w, https:\/\/www.hotelesboutique.com\/wp-content\/uploads\/2013\/07\/padrino-peace-hbm.jpg 980w\" sizes=\"(max-width: 300px) 100vw, 300px\" \/><\/a><\/figure>\n<figure><a href=\"https:\/\/www.hotelesboutique.com\/partner\/semillas\"><img loading=\"lazy\" class=\"alignnone size-medium wp-image-15093\" title=\"Semillas1\" src=\"https:\/\/www.hotelesboutique.com\/wp-content\/uploads\/2013\/01\/Semillas-300x222.jpg\" alt=\"Semillas1\" width=\"300\" height=\"222\" srcset=\"https:\/\/www.hotelesboutique.com\/wp-content\/uploads\/2013\/01\/Semillas-300x222.jpg 300w, https:\/\/www.hotelesboutique.com\/wp-content\/uploads\/2013\/01\/Semillas-200x148.jpg 200w, https:\/\/www.hotelesboutique.com\/wp-content\/uploads\/2013\/01\/Semillas.jpg 499w\" sizes=\"(max-width: 300px) 100vw, 300px\" \/><\/a><\/figure>\n<p>&nbsp;<\/p>\n<p>&nbsp;<\/p>\n<p>&nbsp;<\/p>\n<p>&nbsp;<\/p>\n<!-- AddThis Advanced Settings generic via filter on the_content --><!-- AddThis Share Buttons generic via filter on the_content -->","protected":false},"excerpt":{"rendered":"<p>Nobles Causas hacen nobles hombres, nobles hombres hacen grandes sociedades\u2026 Hoteles Boutique de M\u00e9xico tiene un compromiso con M\u00e9xico, su Turismo y sus Comunidades. Por esta raz\u00f3n estamos desarrollado programas de ayuda a los grupos menos favorecidos en Mexico en los que tu puedes participar. Queremos aportar nuestro granito de arena para aquellos que m\u00e1s [&hellip;]<!-- AddThis Advanced Settings generic via filter on get_the_excerpt --><!-- AddThis Share Buttons generic via filter on get_the_excerpt --><\/p>\n","protected":false},"author":1,"featured_media":0,"parent":0,"menu_order":0,"comment_status":"open","ping_status":"closed","template":"page-padrinos.php","meta":{"spay_email":""},"yoast_head":"<!-- This site is optimized with the Yoast SEO plugin v16.4 - https:\/\/yoast.com\/wordpress\/plugins\/seo\/ -->\n<meta name=\"robots\" content=\"index, follow, max-snippet:-1, max-image-preview:large, max-video-preview:-1\" \/>\n<link rel=\"canonical\" href=\"https:\/\/www.hotelesboutique.com\/en\/mbh-sponsors\/\" \/>\n<meta property=\"og:locale\" content=\"en_US\" \/>\n<meta property=\"og:type\" content=\"article\" \/>\n<meta property=\"og:title\" content=\"MBH Sponsors - Mexico Boutique Hotels\" \/>\n<meta property=\"og:description\" content=\"Nobles Causas hacen nobles hombres, nobles hombres hacen grandes sociedades\u2026 Hoteles Boutique de M\u00e9xico tiene un compromiso con M\u00e9xico, su Turismo y sus Comunidades. Por esta raz\u00f3n estamos desarrollado programas de ayuda a los grupos menos favorecidos en Mexico en los que tu puedes participar. Queremos aportar nuestro granito de arena para aquellos que m\u00e1s [&hellip;]\" \/>\n<meta property=\"og:url\" content=\"https:\/\/www.hotelesboutique.com\/en\/mbh-sponsors\/\" \/>\n<meta property=\"og:site_name\" content=\"Mexico Boutique Hotels\" \/>\n<meta property=\"article:publisher\" content=\"https:\/\/www.facebook.com\/HBM.Mexico\" \/>\n<meta property=\"article:modified_time\" content=\"2015-06-02T23:10:27+00:00\" \/>\n<meta property=\"og:image\" content=\"https:\/\/www.hotelesboutique.com\/wp-content\/uploads\/2013\/07\/padrino-peace-hbm-300x113.jpg\" \/>\n<meta name=\"twitter:card\" content=\"summary\" \/>\n<meta name=\"twitter:site\" content=\"@HotelesBoutique\" \/>\n<meta name=\"twitter:label1\" content=\"Est. reading time\" \/>\n\t<meta name=\"twitter:data1\" content=\"1 minute\" \/>\n<script type=\"application\/ld+json\" class=\"yoast-schema-graph\">{\"@context\":\"https:\/\/schema.org\",\"@graph\":[{\"@type\":\"WebSite\",\"@id\":\"https:\/\/www.hotelesboutique.com\/en\/#website\",\"url\":\"https:\/\/www.hotelesboutique.com\/en\/\",\"name\":\"Mexico Boutique Hotels\",\"description\":\"Luxury Hotels\",\"potentialAction\":[{\"@type\":\"SearchAction\",\"target\":\"https:\/\/www.hotelesboutique.com\/en\/?s={search_term_string}\",\"query-input\":\"required name=search_term_string\"}],\"inLanguage\":\"en-US\"},{\"@type\":\"ImageObject\",\"@id\":\"https:\/\/www.hotelesboutique.com\/en\/mbh-sponsors\/#primaryimage\",\"inLanguage\":\"en-US\",\"url\":\"https:\/\/www.hotelesboutique.com\/wp-content\/uploads\/2013\/07\/padrino-peace-hbm.jpg\",\"contentUrl\":\"https:\/\/www.hotelesboutique.com\/wp-content\/uploads\/2013\/07\/padrino-peace-hbm.jpg\",\"width\":\"980\",\"height\":\"370\",\"caption\":\"padrino peace hbm\"},{\"@type\":\"WebPage\",\"@id\":\"https:\/\/www.hotelesboutique.com\/en\/mbh-sponsors\/#webpage\",\"url\":\"https:\/\/www.hotelesboutique.com\/en\/mbh-sponsors\/\",\"name\":\"MBH Sponsors - Mexico Boutique Hotels\",\"isPartOf\":{\"@id\":\"https:\/\/www.hotelesboutique.com\/en\/#website\"},\"primaryImageOfPage\":{\"@id\":\"https:\/\/www.hotelesboutique.com\/en\/mbh-sponsors\/#primaryimage\"},\"datePublished\":\"2015-06-02T22:02:01+00:00\",\"dateModified\":\"2015-06-02T23:10:27+00:00\",\"breadcrumb\":{\"@id\":\"https:\/\/www.hotelesboutique.com\/en\/mbh-sponsors\/#breadcrumb\"},\"inLanguage\":\"en-US\",\"potentialAction\":[{\"@type\":\"ReadAction\",\"target\":[\"https:\/\/www.hotelesboutique.com\/en\/mbh-sponsors\/\"]}]},{\"@type\":\"BreadcrumbList\",\"@id\":\"https:\/\/www.hotelesboutique.com\/en\/mbh-sponsors\/#breadcrumb\",\"itemListElement\":[{\"@type\":\"ListItem\",\"position\":1,\"item\":{\"@type\":\"WebPage\",\"@id\":\"https:\/\/www.hotelesboutique.com\/en\/\",\"url\":\"https:\/\/www.hotelesboutique.com\/en\/\",\"name\":\"Portada\"}},{\"@type\":\"ListItem\",\"position\":2,\"item\":{\"@id\":\"https:\/\/www.hotelesboutique.com\/en\/mbh-sponsors\/#webpage\"}}]}]}<\/script>\n<!-- \/ Yoast SEO plugin. -->","_links":{"self":[{"href":"https:\/\/www.hotelesboutique.com\/en\/wp-json\/wp\/v2\/pages\/40880"}],"collection":[{"href":"https:\/\/www.hotelesboutique.com\/en\/wp-json\/wp\/v2\/pages"}],"about":[{"href":"https:\/\/www.hotelesboutique.com\/en\/wp-json\/wp\/v2\/types\/page"}],"author":[{"embeddable":true,"href":"https:\/\/www.hotelesboutique.com\/en\/wp-json\/wp\/v2\/users\/1"}],"replies":[{"embeddable":true,"href":"https:\/\/www.hotelesboutique.com\/en\/wp-json\/wp\/v2\/comments?post=40880"}],"version-history":[{"count":2,"href":"https:\/\/www.hotelesboutique.com\/en\/wp-json\/wp\/v2\/pages\/40880\/revisions"}],"predecessor-version":[{"id":40882,"href":"https:\/\/www.hotelesboutique.com\/en\/wp-json\/wp\/v2\/pages\/40880\/revisions\/40882"}],"wp:attachment":[{"href":"https:\/\/www.hotelesboutique.com\/en\/wp-json\/wp\/v2\/media?parent=40880"}],"curies":[{"name":"wp","href":"https:\/\/api.w.org\/{rel}","templated":true}]}}