{"id":6235,"date":"2012-09-08T23:43:39","date_gmt":"2012-09-08T23:43:39","guid":{"rendered":"https:\/\/www.hotelesboutique.com\/?page_id=6235"},"modified":"2015-05-06T12:19:41","modified_gmt":"2015-05-06T18:19:41","slug":"alliances-hb","status":"publish","type":"page","link":"https:\/\/www.hotelesboutique.com\/en\/alliances-hb\/","title":{"rendered":"Alliances"},"content":{"rendered":"<h4>Experts in Mexico Hotels<\/h4>\n<p>Our Alliances.<\/p>\n<!-- AddThis Advanced Settings generic via filter on the_content --><!-- AddThis Share Buttons generic via filter on the_content -->","protected":false},"excerpt":{"rendered":"<p>Experts in Mexico Hotels Our Alliances.<!-- AddThis Advanced Settings generic via filter on get_the_excerpt --><!-- AddThis Share Buttons generic via filter on get_the_excerpt --><\/p>\n","protected":false},"author":1,"featured_media":6233,"parent":0,"menu_order":0,"comment_status":"open","ping_status":"open","template":"page-alianzas.php","meta":{"spay_email":""},"yoast_head":"<!-- This site is optimized with the Yoast SEO plugin v16.4 - https:\/\/yoast.com\/wordpress\/plugins\/seo\/ -->\n<meta name=\"description\" content=\"Algunas de las alianzas estrategicas de Hoteles Boutique de Mexico, las cuales coadyuvan a la curaci\u00f3n y exposici\u00f3n de nuestra colecci\u00f3n de hoteles.\" \/>\n<meta name=\"robots\" content=\"index, follow, max-snippet:-1, max-image-preview:large, max-video-preview:-1\" \/>\n<link rel=\"canonical\" href=\"https:\/\/www.hotelesboutique.com\/en\/alliances-hb\/\" \/>\n<meta property=\"og:locale\" content=\"en_US\" \/>\n<meta property=\"og:type\" content=\"article\" \/>\n<meta property=\"og:title\" content=\"Alianzas Estrategicas Hoteles Boutique de M\u00e9xico\" \/>\n<meta property=\"og:description\" content=\"Algunas de las alianzas estrategicas de Hoteles Boutique de Mexico, las cuales coadyuvan a la curaci\u00f3n y exposici\u00f3n de nuestra colecci\u00f3n de hoteles.\" \/>\n<meta property=\"og:url\" content=\"https:\/\/www.hotelesboutique.com\/en\/alliances-hb\/\" \/>\n<meta property=\"og:site_name\" content=\"Mexico Boutique Hotels\" \/>\n<meta property=\"article:publisher\" content=\"https:\/\/www.facebook.com\/HBM.Mexico\" \/>\n<meta property=\"article:modified_time\" content=\"2015-05-06T18:19:41+00:00\" \/>\n<meta property=\"og:image\" content=\"https:\/\/www.hotelesboutique.com\/wp-content\/uploads\/2012\/09\/agencias-head1.jpg\" \/>\n\t<meta property=\"og:image:width\" content=\"980\" \/>\n\t<meta property=\"og:image:height\" content=\"200\" \/>\n<meta name=\"twitter:card\" content=\"summary\" \/>\n<meta name=\"twitter:site\" content=\"@HotelesBoutique\" \/>\n<script type=\"application\/ld+json\" class=\"yoast-schema-graph\">{\"@context\":\"https:\/\/schema.org\",\"@graph\":[{\"@type\":\"WebSite\",\"@id\":\"https:\/\/www.hotelesboutique.com\/en\/#website\",\"url\":\"https:\/\/www.hotelesboutique.com\/en\/\",\"name\":\"Mexico Boutique Hotels\",\"description\":\"Luxury Hotels\",\"potentialAction\":[{\"@type\":\"SearchAction\",\"target\":\"https:\/\/www.hotelesboutique.com\/en\/?s={search_term_string}\",\"query-input\":\"required name=search_term_string\"}],\"inLanguage\":\"en-US\"},{\"@type\":\"ImageObject\",\"@id\":\"https:\/\/www.hotelesboutique.com\/en\/alliances-hb\/#primaryimage\",\"inLanguage\":\"en-US\",\"url\":\"https:\/\/www.hotelesboutique.com\/wp-content\/uploads\/2012\/09\/agencias-head1.jpg\",\"contentUrl\":\"https:\/\/www.hotelesboutique.com\/wp-content\/uploads\/2012\/09\/agencias-head1.jpg\",\"width\":\"980\",\"height\":\"200\"},{\"@type\":\"WebPage\",\"@id\":\"https:\/\/www.hotelesboutique.com\/en\/alliances-hb\/#webpage\",\"url\":\"https:\/\/www.hotelesboutique.com\/en\/alliances-hb\/\",\"name\":\"Alianzas Estrategicas Hoteles Boutique de M\\u00e9xico\",\"isPartOf\":{\"@id\":\"https:\/\/www.hotelesboutique.com\/en\/#website\"},\"primaryImageOfPage\":{\"@id\":\"https:\/\/www.hotelesboutique.com\/en\/alliances-hb\/#primaryimage\"},\"datePublished\":\"2012-09-08T23:43:39+00:00\",\"dateModified\":\"2015-05-06T18:19:41+00:00\",\"description\":\"Algunas de las alianzas estrategicas de Hoteles Boutique de Mexico, las cuales coadyuvan a la curaci\\u00f3n y exposici\\u00f3n de nuestra colecci\\u00f3n de hoteles.\",\"breadcrumb\":{\"@id\":\"https:\/\/www.hotelesboutique.com\/en\/alliances-hb\/#breadcrumb\"},\"inLanguage\":\"en-US\",\"potentialAction\":[{\"@type\":\"ReadAction\",\"target\":[\"https:\/\/www.hotelesboutique.com\/en\/alliances-hb\/\"]}]},{\"@type\":\"BreadcrumbList\",\"@id\":\"https:\/\/www.hotelesboutique.com\/en\/alliances-hb\/#breadcrumb\",\"itemListElement\":[{\"@type\":\"ListItem\",\"position\":1,\"item\":{\"@type\":\"WebPage\",\"@id\":\"https:\/\/www.hotelesboutique.com\/en\/\",\"url\":\"https:\/\/www.hotelesboutique.com\/en\/\",\"name\":\"Portada\"}},{\"@type\":\"ListItem\",\"position\":2,\"item\":{\"@id\":\"https:\/\/www.hotelesboutique.com\/en\/alliances-hb\/#webpage\"}}]}]}<\/script>\n<!-- \/ Yoast SEO plugin. -->","_links":{"self":[{"href":"https:\/\/www.hotelesboutique.com\/en\/wp-json\/wp\/v2\/pages\/6235"}],"collection":[{"href":"https:\/\/www.hotelesboutique.com\/en\/wp-json\/wp\/v2\/pages"}],"about":[{"href":"https:\/\/www.hotelesboutique.com\/en\/wp-json\/wp\/v2\/types\/page"}],"author":[{"embeddable":true,"href":"https:\/\/www.hotelesboutique.com\/en\/wp-json\/wp\/v2\/users\/1"}],"replies":[{"embeddable":true,"href":"https:\/\/www.hotelesboutique.com\/en\/wp-json\/wp\/v2\/comments?post=6235"}],"version-history":[{"count":5,"href":"https:\/\/www.hotelesboutique.com\/en\/wp-json\/wp\/v2\/pages\/6235\/revisions"}],"predecessor-version":[{"id":39715,"href":"https:\/\/www.hotelesboutique.com\/en\/wp-json\/wp\/v2\/pages\/6235\/revisions\/39715"}],"wp:featuredmedia":[{"embeddable":true,"href":"https:\/\/www.hotelesboutique.com\/en\/wp-json\/wp\/v2\/media\/6233"}],"wp:attachment":[{"href":"https:\/\/www.hotelesboutique.com\/en\/wp-json\/wp\/v2\/media?parent=6235"}],"curies":[{"name":"wp","href":"https:\/\/api.w.org\/{rel}","templated":true}]}}